{"id":1100,"date":"2018-05-28T17:51:38","date_gmt":"2018-05-28T15:51:38","guid":{"rendered":"https:\/\/decrevi.ch\/Ichbestimme\/?page_id=1100"},"modified":"2025-06-02T14:49:17","modified_gmt":"2025-06-02T12:49:17","slug":"datenschutz","status":"publish","type":"page","link":"https:\/\/decrevi.ch\/Ichbestimme\/datenschutz\/","title":{"rendered":"Datenschutz"},"content":{"rendered":"<p><img loading=\"lazy\" decoding=\"async\" class=\"size-full wp-image-629 aligncenter\" src=\"https:\/\/decrevi.ch\/Ichbestimme\/wp-content\/uploads\/2018\/01\/logo-decrevi-k.png\" alt=\"\" width=\"200\" height=\"184\" \/><\/p>\n<h4>Hinterlassen von Kommentaren<\/h4>\n<p>Wenn Sie einen Kommentar auf mein Blog hinterlassen, wird dieser auf dem Hostserver gespeichert. Neben dem Text des Kommentars werden der von Ihnen angegebene Name, die E-Mail-Adresse, die IP-Adresse, der Zeitpunkt der Kommentierung und die Adresse Ihrer Webseite gespeichert, falls Sie diese angegeben haben. Mit dem Kommentar werden von den genannten Daten lediglich der von Ihnen angegebene Name, die von Ihnen gegebenenfalls genannte Website und der Zeitpunkt des Kommentars ver\u00f6ffentlicht.<\/p>\n<p>M\u00f6chten Sie von Ihrem Widerrufs- oder Widerspruchsrecht Gebrauch machen, <a href=\"https:\/\/www.edoeb.admin.ch\/de\" target=\"_blank\" rel=\"noopener\">ED\u00d6B<\/a> &#8211; <a href=\"https:\/\/decrevi.ch\/Ichbestimme\/wp-content\/uploads\/2018\/05\/data-protection-overview-citizens_de.pdf\" target=\"_blank\" rel=\"noopener\">DSGV<\/a> gen\u00fcgt eine E-Mail an [<a href=\"https:\/\/decrevi.ch\/Ichbestimme\/kontakt\/\">kontakt decrevi.ch<\/a>] .<\/p>\n<p>&nbsp;<\/p>\n","protected":false},"excerpt":{"rendered":"<p>Hinterlassen von Kommentaren Wenn Sie einen Kommentar auf mein Blog hinterlassen, wird dieser auf dem Hostserver gespeichert. Neben dem Text des Kommentars werden der von&#8230;<\/p>\n","protected":false},"author":1,"featured_media":0,"parent":0,"menu_order":0,"comment_status":"closed","ping_status":"closed","template":"","meta":{"footnotes":""},"class_list":["post-1100","page","type-page","status-publish","hentry"],"yoast_head":"<!-- This site is optimized with the Yoast SEO plugin v27.4 - https:\/\/yoast.com\/product\/yoast-seo-wordpress\/ -->\n<title>Datenschutz - Decrevi<\/title>\n<meta name=\"robots\" content=\"index, follow, max-snippet:-1, max-image-preview:large, max-video-preview:-1\" \/>\n<link rel=\"canonical\" href=\"https:\/\/decrevi.ch\/Ichbestimme\/datenschutz\/\" \/>\n<meta property=\"og:locale\" content=\"de_DE\" \/>\n<meta property=\"og:type\" content=\"article\" \/>\n<meta property=\"og:title\" content=\"Datenschutz - Decrevi\" \/>\n<meta property=\"og:description\" content=\"Hinterlassen von Kommentaren Wenn Sie einen Kommentar auf mein Blog hinterlassen, wird dieser auf dem Hostserver gespeichert. Neben dem Text des Kommentars werden der von...\" \/>\n<meta property=\"og:url\" content=\"https:\/\/decrevi.ch\/Ichbestimme\/datenschutz\/\" \/>\n<meta property=\"og:site_name\" content=\"Decrevi\" \/>\n<meta property=\"article:modified_time\" content=\"2025-06-02T12:49:17+00:00\" \/>\n<meta property=\"og:image\" content=\"https:\/\/decrevi.ch\/Ichbestimme\/wp-content\/uploads\/2018\/01\/logo-decrevi-k.png\" \/>\n\t<meta property=\"og:image:width\" content=\"200\" \/>\n\t<meta property=\"og:image:height\" content=\"184\" \/>\n\t<meta property=\"og:image:type\" content=\"image\/png\" \/>\n<meta name=\"twitter:card\" content=\"summary_large_image\" \/>\n<script type=\"application\/ld+json\" class=\"yoast-schema-graph\">{\"@context\":\"https:\\\/\\\/schema.org\",\"@graph\":[{\"@type\":\"WebPage\",\"@id\":\"https:\\\/\\\/decrevi.ch\\\/Ichbestimme\\\/datenschutz\\\/\",\"url\":\"https:\\\/\\\/decrevi.ch\\\/Ichbestimme\\\/datenschutz\\\/\",\"name\":\"Datenschutz - Decrevi\",\"isPartOf\":{\"@id\":\"https:\\\/\\\/decrevi.ch\\\/Ichbestimme\\\/#website\"},\"primaryImageOfPage\":{\"@id\":\"https:\\\/\\\/decrevi.ch\\\/Ichbestimme\\\/datenschutz\\\/#primaryimage\"},\"image\":{\"@id\":\"https:\\\/\\\/decrevi.ch\\\/Ichbestimme\\\/datenschutz\\\/#primaryimage\"},\"thumbnailUrl\":\"https:\\\/\\\/decrevi.ch\\\/Ichbestimme\\\/wp-content\\\/uploads\\\/2018\\\/01\\\/logo-decrevi-k.png\",\"datePublished\":\"2018-05-28T15:51:38+00:00\",\"dateModified\":\"2025-06-02T12:49:17+00:00\",\"breadcrumb\":{\"@id\":\"https:\\\/\\\/decrevi.ch\\\/Ichbestimme\\\/datenschutz\\\/#breadcrumb\"},\"inLanguage\":\"de\",\"potentialAction\":[{\"@type\":\"ReadAction\",\"target\":[\"https:\\\/\\\/decrevi.ch\\\/Ichbestimme\\\/datenschutz\\\/\"]}]},{\"@type\":\"ImageObject\",\"inLanguage\":\"de\",\"@id\":\"https:\\\/\\\/decrevi.ch\\\/Ichbestimme\\\/datenschutz\\\/#primaryimage\",\"url\":\"https:\\\/\\\/decrevi.ch\\\/Ichbestimme\\\/wp-content\\\/uploads\\\/2018\\\/01\\\/logo-decrevi-k.png\",\"contentUrl\":\"https:\\\/\\\/decrevi.ch\\\/Ichbestimme\\\/wp-content\\\/uploads\\\/2018\\\/01\\\/logo-decrevi-k.png\",\"width\":200,\"height\":184},{\"@type\":\"BreadcrumbList\",\"@id\":\"https:\\\/\\\/decrevi.ch\\\/Ichbestimme\\\/datenschutz\\\/#breadcrumb\",\"itemListElement\":[{\"@type\":\"ListItem\",\"position\":1,\"name\":\"Start\",\"item\":\"https:\\\/\\\/decrevi.ch\\\/Ichbestimme\\\/\"},{\"@type\":\"ListItem\",\"position\":2,\"name\":\"Datenschutz\"}]},{\"@type\":\"WebSite\",\"@id\":\"https:\\\/\\\/decrevi.ch\\\/Ichbestimme\\\/#website\",\"url\":\"https:\\\/\\\/decrevi.ch\\\/Ichbestimme\\\/\",\"name\":\"Decrevi\",\"description\":\"der Mensch soll \u00fcber sich selbst verf\u00fcgen d\u00fcrfen und sein Schicksal eigenverantwortlich gestalten k\u00f6nnen.\",\"publisher\":{\"@id\":\"https:\\\/\\\/decrevi.ch\\\/Ichbestimme\\\/#organization\"},\"potentialAction\":[{\"@type\":\"SearchAction\",\"target\":{\"@type\":\"EntryPoint\",\"urlTemplate\":\"https:\\\/\\\/decrevi.ch\\\/Ichbestimme\\\/?s={search_term_string}\"},\"query-input\":{\"@type\":\"PropertyValueSpecification\",\"valueRequired\":true,\"valueName\":\"search_term_string\"}}],\"inLanguage\":\"de\"},{\"@type\":\"Organization\",\"@id\":\"https:\\\/\\\/decrevi.ch\\\/Ichbestimme\\\/#organization\",\"name\":\"Decrevi\",\"url\":\"https:\\\/\\\/decrevi.ch\\\/Ichbestimme\\\/\",\"logo\":{\"@type\":\"ImageObject\",\"inLanguage\":\"de\",\"@id\":\"https:\\\/\\\/decrevi.ch\\\/Ichbestimme\\\/#\\\/schema\\\/logo\\\/image\\\/\",\"url\":\"https:\\\/\\\/decrevi.ch\\\/Ichbestimme\\\/wp-content\\\/uploads\\\/2017\\\/10\\\/cropped-icon.png\",\"contentUrl\":\"https:\\\/\\\/decrevi.ch\\\/Ichbestimme\\\/wp-content\\\/uploads\\\/2017\\\/10\\\/cropped-icon.png\",\"width\":223,\"height\":223,\"caption\":\"Decrevi\"},\"image\":{\"@id\":\"https:\\\/\\\/decrevi.ch\\\/Ichbestimme\\\/#\\\/schema\\\/logo\\\/image\\\/\"}}]}<\/script>\n<!-- \/ Yoast SEO plugin. -->","yoast_head_json":{"title":"Datenschutz - Decrevi","robots":{"index":"index","follow":"follow","max-snippet":"max-snippet:-1","max-image-preview":"max-image-preview:large","max-video-preview":"max-video-preview:-1"},"canonical":"https:\/\/decrevi.ch\/Ichbestimme\/datenschutz\/","og_locale":"de_DE","og_type":"article","og_title":"Datenschutz - Decrevi","og_description":"Hinterlassen von Kommentaren Wenn Sie einen Kommentar auf mein Blog hinterlassen, wird dieser auf dem Hostserver gespeichert. Neben dem Text des Kommentars werden der von...","og_url":"https:\/\/decrevi.ch\/Ichbestimme\/datenschutz\/","og_site_name":"Decrevi","article_modified_time":"2025-06-02T12:49:17+00:00","og_image":[{"width":200,"height":184,"url":"https:\/\/decrevi.ch\/Ichbestimme\/wp-content\/uploads\/2018\/01\/logo-decrevi-k.png","type":"image\/png"}],"twitter_card":"summary_large_image","schema":{"@context":"https:\/\/schema.org","@graph":[{"@type":"WebPage","@id":"https:\/\/decrevi.ch\/Ichbestimme\/datenschutz\/","url":"https:\/\/decrevi.ch\/Ichbestimme\/datenschutz\/","name":"Datenschutz - Decrevi","isPartOf":{"@id":"https:\/\/decrevi.ch\/Ichbestimme\/#website"},"primaryImageOfPage":{"@id":"https:\/\/decrevi.ch\/Ichbestimme\/datenschutz\/#primaryimage"},"image":{"@id":"https:\/\/decrevi.ch\/Ichbestimme\/datenschutz\/#primaryimage"},"thumbnailUrl":"https:\/\/decrevi.ch\/Ichbestimme\/wp-content\/uploads\/2018\/01\/logo-decrevi-k.png","datePublished":"2018-05-28T15:51:38+00:00","dateModified":"2025-06-02T12:49:17+00:00","breadcrumb":{"@id":"https:\/\/decrevi.ch\/Ichbestimme\/datenschutz\/#breadcrumb"},"inLanguage":"de","potentialAction":[{"@type":"ReadAction","target":["https:\/\/decrevi.ch\/Ichbestimme\/datenschutz\/"]}]},{"@type":"ImageObject","inLanguage":"de","@id":"https:\/\/decrevi.ch\/Ichbestimme\/datenschutz\/#primaryimage","url":"https:\/\/decrevi.ch\/Ichbestimme\/wp-content\/uploads\/2018\/01\/logo-decrevi-k.png","contentUrl":"https:\/\/decrevi.ch\/Ichbestimme\/wp-content\/uploads\/2018\/01\/logo-decrevi-k.png","width":200,"height":184},{"@type":"BreadcrumbList","@id":"https:\/\/decrevi.ch\/Ichbestimme\/datenschutz\/#breadcrumb","itemListElement":[{"@type":"ListItem","position":1,"name":"Start","item":"https:\/\/decrevi.ch\/Ichbestimme\/"},{"@type":"ListItem","position":2,"name":"Datenschutz"}]},{"@type":"WebSite","@id":"https:\/\/decrevi.ch\/Ichbestimme\/#website","url":"https:\/\/decrevi.ch\/Ichbestimme\/","name":"Decrevi","description":"der Mensch soll \u00fcber sich selbst verf\u00fcgen d\u00fcrfen und sein Schicksal eigenverantwortlich gestalten k\u00f6nnen.","publisher":{"@id":"https:\/\/decrevi.ch\/Ichbestimme\/#organization"},"potentialAction":[{"@type":"SearchAction","target":{"@type":"EntryPoint","urlTemplate":"https:\/\/decrevi.ch\/Ichbestimme\/?s={search_term_string}"},"query-input":{"@type":"PropertyValueSpecification","valueRequired":true,"valueName":"search_term_string"}}],"inLanguage":"de"},{"@type":"Organization","@id":"https:\/\/decrevi.ch\/Ichbestimme\/#organization","name":"Decrevi","url":"https:\/\/decrevi.ch\/Ichbestimme\/","logo":{"@type":"ImageObject","inLanguage":"de","@id":"https:\/\/decrevi.ch\/Ichbestimme\/#\/schema\/logo\/image\/","url":"https:\/\/decrevi.ch\/Ichbestimme\/wp-content\/uploads\/2017\/10\/cropped-icon.png","contentUrl":"https:\/\/decrevi.ch\/Ichbestimme\/wp-content\/uploads\/2017\/10\/cropped-icon.png","width":223,"height":223,"caption":"Decrevi"},"image":{"@id":"https:\/\/decrevi.ch\/Ichbestimme\/#\/schema\/logo\/image\/"}}]}},"_links":{"self":[{"href":"https:\/\/decrevi.ch\/Ichbestimme\/wp-json\/wp\/v2\/pages\/1100","targetHints":{"allow":["GET"]}}],"collection":[{"href":"https:\/\/decrevi.ch\/Ichbestimme\/wp-json\/wp\/v2\/pages"}],"about":[{"href":"https:\/\/decrevi.ch\/Ichbestimme\/wp-json\/wp\/v2\/types\/page"}],"author":[{"embeddable":true,"href":"https:\/\/decrevi.ch\/Ichbestimme\/wp-json\/wp\/v2\/users\/1"}],"replies":[{"embeddable":true,"href":"https:\/\/decrevi.ch\/Ichbestimme\/wp-json\/wp\/v2\/comments?post=1100"}],"version-history":[{"count":0,"href":"https:\/\/decrevi.ch\/Ichbestimme\/wp-json\/wp\/v2\/pages\/1100\/revisions"}],"wp:attachment":[{"href":"https:\/\/decrevi.ch\/Ichbestimme\/wp-json\/wp\/v2\/media?parent=1100"}],"curies":[{"name":"wp","href":"https:\/\/api.w.org\/{rel}","templated":true}]}}