{"id":1509,"date":"2022-09-25T18:45:24","date_gmt":"2022-09-25T16:45:24","guid":{"rendered":"https:\/\/decrevi.ch\/Ichbestimme\/?page_id=1509"},"modified":"2025-06-02T15:45:16","modified_gmt":"2025-06-02T13:45:16","slug":"die-verschiedenen-formen-der-sterbehilfe-und-ihre-gesetzliche-regelung","status":"publish","type":"page","link":"https:\/\/decrevi.ch\/Ichbestimme\/die-verschiedenen-formen-der-sterbehilfe-und-ihre-gesetzliche-regelung\/","title":{"rendered":"Die verschiedenen Formen der Sterbehilfe und ihre gesetzliche Regelung"},"content":{"rendered":"<p><a href=\"https:\/\/www.bj.admin.ch\/bj\/de\/home\/gesellschaft\/gesetzgebung\/archiv\/sterbehilfe\/formen.html\" target=\"_blank\" rel=\"noopener\">https:\/\/www.bj.admin.ch\/bj\/de\/home\/gesellschaft\/gesetzgebung\/archiv\/sterbehilfe\/formen.html<\/a><\/p>\n<p><a href=\"https:\/\/www.bj.admin.ch\/bj\/de\/home\/gesellschaft\/gesetzgebung\/archiv\/sterbehilfe\/formen.html\"><img loading=\"lazy\" decoding=\"async\" class=\"alignnone wp-image-1533 size-full\" src=\"https:\/\/decrevi.ch\/Ichbestimme\/wp-content\/uploads\/2022\/09\/fantastic.jpg\" alt=\"\" width=\"1280\" height=\"590\" srcset=\"https:\/\/decrevi.ch\/Ichbestimme\/wp-content\/uploads\/2022\/09\/fantastic.jpg 1280w, https:\/\/decrevi.ch\/Ichbestimme\/wp-content\/uploads\/2022\/09\/fantastic-768x354.jpg 768w, https:\/\/decrevi.ch\/Ichbestimme\/wp-content\/uploads\/2022\/09\/fantastic-940x433.jpg 940w, https:\/\/decrevi.ch\/Ichbestimme\/wp-content\/uploads\/2022\/09\/fantastic-500x230.jpg 500w\" sizes=\"auto, (max-width: 1280px) 100vw, 1280px\" \/><\/a><\/p>\n","protected":false},"excerpt":{"rendered":"<p>https:\/\/www.bj.admin.ch\/bj\/de\/home\/gesellschaft\/gesetzgebung\/archiv\/sterbehilfe\/formen.html<\/p>\n","protected":false},"author":1,"featured_media":0,"parent":0,"menu_order":0,"comment_status":"closed","ping_status":"closed","template":"","meta":{"footnotes":""},"class_list":["post-1509","page","type-page","status-publish","hentry"],"yoast_head":"<!-- This site is optimized with the Yoast SEO plugin v27.4 - https:\/\/yoast.com\/product\/yoast-seo-wordpress\/ -->\n<title>Die verschiedenen Formen der Sterbehilfe und ihre gesetzliche Regelung - Decrevi<\/title>\n<meta name=\"robots\" content=\"index, follow, max-snippet:-1, max-image-preview:large, max-video-preview:-1\" \/>\n<link rel=\"canonical\" href=\"https:\/\/decrevi.ch\/Ichbestimme\/die-verschiedenen-formen-der-sterbehilfe-und-ihre-gesetzliche-regelung\/\" \/>\n<meta property=\"og:locale\" content=\"de_DE\" \/>\n<meta property=\"og:type\" content=\"article\" \/>\n<meta property=\"og:title\" content=\"Die verschiedenen Formen der Sterbehilfe und ihre gesetzliche Regelung - Decrevi\" \/>\n<meta property=\"og:description\" content=\"https:\/\/www.bj.admin.ch\/bj\/de\/home\/gesellschaft\/gesetzgebung\/archiv\/sterbehilfe\/formen.html\" \/>\n<meta property=\"og:url\" content=\"https:\/\/decrevi.ch\/Ichbestimme\/die-verschiedenen-formen-der-sterbehilfe-und-ihre-gesetzliche-regelung\/\" \/>\n<meta property=\"og:site_name\" content=\"Decrevi\" \/>\n<meta property=\"article:modified_time\" content=\"2025-06-02T13:45:16+00:00\" \/>\n<meta property=\"og:image\" content=\"https:\/\/decrevi.ch\/Ichbestimme\/wp-content\/uploads\/2022\/09\/fantastic.jpg\" \/>\n\t<meta property=\"og:image:width\" content=\"1280\" \/>\n\t<meta property=\"og:image:height\" content=\"590\" \/>\n\t<meta property=\"og:image:type\" content=\"image\/jpeg\" \/>\n<meta name=\"twitter:card\" content=\"summary_large_image\" \/>\n<script type=\"application\/ld+json\" class=\"yoast-schema-graph\">{\"@context\":\"https:\\\/\\\/schema.org\",\"@graph\":[{\"@type\":\"WebPage\",\"@id\":\"https:\\\/\\\/decrevi.ch\\\/Ichbestimme\\\/die-verschiedenen-formen-der-sterbehilfe-und-ihre-gesetzliche-regelung\\\/\",\"url\":\"https:\\\/\\\/decrevi.ch\\\/Ichbestimme\\\/die-verschiedenen-formen-der-sterbehilfe-und-ihre-gesetzliche-regelung\\\/\",\"name\":\"Die verschiedenen Formen der Sterbehilfe und ihre gesetzliche Regelung - Decrevi\",\"isPartOf\":{\"@id\":\"https:\\\/\\\/decrevi.ch\\\/Ichbestimme\\\/#website\"},\"primaryImageOfPage\":{\"@id\":\"https:\\\/\\\/decrevi.ch\\\/Ichbestimme\\\/die-verschiedenen-formen-der-sterbehilfe-und-ihre-gesetzliche-regelung\\\/#primaryimage\"},\"image\":{\"@id\":\"https:\\\/\\\/decrevi.ch\\\/Ichbestimme\\\/die-verschiedenen-formen-der-sterbehilfe-und-ihre-gesetzliche-regelung\\\/#primaryimage\"},\"thumbnailUrl\":\"https:\\\/\\\/decrevi.ch\\\/Ichbestimme\\\/wp-content\\\/uploads\\\/2022\\\/09\\\/fantastic.jpg\",\"datePublished\":\"2022-09-25T16:45:24+00:00\",\"dateModified\":\"2025-06-02T13:45:16+00:00\",\"breadcrumb\":{\"@id\":\"https:\\\/\\\/decrevi.ch\\\/Ichbestimme\\\/die-verschiedenen-formen-der-sterbehilfe-und-ihre-gesetzliche-regelung\\\/#breadcrumb\"},\"inLanguage\":\"de\",\"potentialAction\":[{\"@type\":\"ReadAction\",\"target\":[\"https:\\\/\\\/decrevi.ch\\\/Ichbestimme\\\/die-verschiedenen-formen-der-sterbehilfe-und-ihre-gesetzliche-regelung\\\/\"]}]},{\"@type\":\"ImageObject\",\"inLanguage\":\"de\",\"@id\":\"https:\\\/\\\/decrevi.ch\\\/Ichbestimme\\\/die-verschiedenen-formen-der-sterbehilfe-und-ihre-gesetzliche-regelung\\\/#primaryimage\",\"url\":\"https:\\\/\\\/decrevi.ch\\\/Ichbestimme\\\/wp-content\\\/uploads\\\/2022\\\/09\\\/fantastic.jpg\",\"contentUrl\":\"https:\\\/\\\/decrevi.ch\\\/Ichbestimme\\\/wp-content\\\/uploads\\\/2022\\\/09\\\/fantastic.jpg\",\"width\":1280,\"height\":590},{\"@type\":\"BreadcrumbList\",\"@id\":\"https:\\\/\\\/decrevi.ch\\\/Ichbestimme\\\/die-verschiedenen-formen-der-sterbehilfe-und-ihre-gesetzliche-regelung\\\/#breadcrumb\",\"itemListElement\":[{\"@type\":\"ListItem\",\"position\":1,\"name\":\"Start\",\"item\":\"https:\\\/\\\/decrevi.ch\\\/Ichbestimme\\\/\"},{\"@type\":\"ListItem\",\"position\":2,\"name\":\"Die verschiedenen Formen der Sterbehilfe und ihre gesetzliche Regelung\"}]},{\"@type\":\"WebSite\",\"@id\":\"https:\\\/\\\/decrevi.ch\\\/Ichbestimme\\\/#website\",\"url\":\"https:\\\/\\\/decrevi.ch\\\/Ichbestimme\\\/\",\"name\":\"Decrevi\",\"description\":\"der Mensch soll \u00fcber sich selbst verf\u00fcgen d\u00fcrfen und sein Schicksal eigenverantwortlich gestalten k\u00f6nnen.\",\"publisher\":{\"@id\":\"https:\\\/\\\/decrevi.ch\\\/Ichbestimme\\\/#organization\"},\"potentialAction\":[{\"@type\":\"SearchAction\",\"target\":{\"@type\":\"EntryPoint\",\"urlTemplate\":\"https:\\\/\\\/decrevi.ch\\\/Ichbestimme\\\/?s={search_term_string}\"},\"query-input\":{\"@type\":\"PropertyValueSpecification\",\"valueRequired\":true,\"valueName\":\"search_term_string\"}}],\"inLanguage\":\"de\"},{\"@type\":\"Organization\",\"@id\":\"https:\\\/\\\/decrevi.ch\\\/Ichbestimme\\\/#organization\",\"name\":\"Decrevi\",\"url\":\"https:\\\/\\\/decrevi.ch\\\/Ichbestimme\\\/\",\"logo\":{\"@type\":\"ImageObject\",\"inLanguage\":\"de\",\"@id\":\"https:\\\/\\\/decrevi.ch\\\/Ichbestimme\\\/#\\\/schema\\\/logo\\\/image\\\/\",\"url\":\"https:\\\/\\\/decrevi.ch\\\/Ichbestimme\\\/wp-content\\\/uploads\\\/2017\\\/10\\\/cropped-icon.png\",\"contentUrl\":\"https:\\\/\\\/decrevi.ch\\\/Ichbestimme\\\/wp-content\\\/uploads\\\/2017\\\/10\\\/cropped-icon.png\",\"width\":223,\"height\":223,\"caption\":\"Decrevi\"},\"image\":{\"@id\":\"https:\\\/\\\/decrevi.ch\\\/Ichbestimme\\\/#\\\/schema\\\/logo\\\/image\\\/\"}}]}<\/script>\n<!-- \/ Yoast SEO plugin. -->","yoast_head_json":{"title":"Die verschiedenen Formen der Sterbehilfe und ihre gesetzliche Regelung - Decrevi","robots":{"index":"index","follow":"follow","max-snippet":"max-snippet:-1","max-image-preview":"max-image-preview:large","max-video-preview":"max-video-preview:-1"},"canonical":"https:\/\/decrevi.ch\/Ichbestimme\/die-verschiedenen-formen-der-sterbehilfe-und-ihre-gesetzliche-regelung\/","og_locale":"de_DE","og_type":"article","og_title":"Die verschiedenen Formen der Sterbehilfe und ihre gesetzliche Regelung - Decrevi","og_description":"https:\/\/www.bj.admin.ch\/bj\/de\/home\/gesellschaft\/gesetzgebung\/archiv\/sterbehilfe\/formen.html","og_url":"https:\/\/decrevi.ch\/Ichbestimme\/die-verschiedenen-formen-der-sterbehilfe-und-ihre-gesetzliche-regelung\/","og_site_name":"Decrevi","article_modified_time":"2025-06-02T13:45:16+00:00","og_image":[{"width":1280,"height":590,"url":"https:\/\/decrevi.ch\/Ichbestimme\/wp-content\/uploads\/2022\/09\/fantastic.jpg","type":"image\/jpeg"}],"twitter_card":"summary_large_image","schema":{"@context":"https:\/\/schema.org","@graph":[{"@type":"WebPage","@id":"https:\/\/decrevi.ch\/Ichbestimme\/die-verschiedenen-formen-der-sterbehilfe-und-ihre-gesetzliche-regelung\/","url":"https:\/\/decrevi.ch\/Ichbestimme\/die-verschiedenen-formen-der-sterbehilfe-und-ihre-gesetzliche-regelung\/","name":"Die verschiedenen Formen der Sterbehilfe und ihre gesetzliche Regelung - Decrevi","isPartOf":{"@id":"https:\/\/decrevi.ch\/Ichbestimme\/#website"},"primaryImageOfPage":{"@id":"https:\/\/decrevi.ch\/Ichbestimme\/die-verschiedenen-formen-der-sterbehilfe-und-ihre-gesetzliche-regelung\/#primaryimage"},"image":{"@id":"https:\/\/decrevi.ch\/Ichbestimme\/die-verschiedenen-formen-der-sterbehilfe-und-ihre-gesetzliche-regelung\/#primaryimage"},"thumbnailUrl":"https:\/\/decrevi.ch\/Ichbestimme\/wp-content\/uploads\/2022\/09\/fantastic.jpg","datePublished":"2022-09-25T16:45:24+00:00","dateModified":"2025-06-02T13:45:16+00:00","breadcrumb":{"@id":"https:\/\/decrevi.ch\/Ichbestimme\/die-verschiedenen-formen-der-sterbehilfe-und-ihre-gesetzliche-regelung\/#breadcrumb"},"inLanguage":"de","potentialAction":[{"@type":"ReadAction","target":["https:\/\/decrevi.ch\/Ichbestimme\/die-verschiedenen-formen-der-sterbehilfe-und-ihre-gesetzliche-regelung\/"]}]},{"@type":"ImageObject","inLanguage":"de","@id":"https:\/\/decrevi.ch\/Ichbestimme\/die-verschiedenen-formen-der-sterbehilfe-und-ihre-gesetzliche-regelung\/#primaryimage","url":"https:\/\/decrevi.ch\/Ichbestimme\/wp-content\/uploads\/2022\/09\/fantastic.jpg","contentUrl":"https:\/\/decrevi.ch\/Ichbestimme\/wp-content\/uploads\/2022\/09\/fantastic.jpg","width":1280,"height":590},{"@type":"BreadcrumbList","@id":"https:\/\/decrevi.ch\/Ichbestimme\/die-verschiedenen-formen-der-sterbehilfe-und-ihre-gesetzliche-regelung\/#breadcrumb","itemListElement":[{"@type":"ListItem","position":1,"name":"Start","item":"https:\/\/decrevi.ch\/Ichbestimme\/"},{"@type":"ListItem","position":2,"name":"Die verschiedenen Formen der Sterbehilfe und ihre gesetzliche Regelung"}]},{"@type":"WebSite","@id":"https:\/\/decrevi.ch\/Ichbestimme\/#website","url":"https:\/\/decrevi.ch\/Ichbestimme\/","name":"Decrevi","description":"der Mensch soll \u00fcber sich selbst verf\u00fcgen d\u00fcrfen und sein Schicksal eigenverantwortlich gestalten k\u00f6nnen.","publisher":{"@id":"https:\/\/decrevi.ch\/Ichbestimme\/#organization"},"potentialAction":[{"@type":"SearchAction","target":{"@type":"EntryPoint","urlTemplate":"https:\/\/decrevi.ch\/Ichbestimme\/?s={search_term_string}"},"query-input":{"@type":"PropertyValueSpecification","valueRequired":true,"valueName":"search_term_string"}}],"inLanguage":"de"},{"@type":"Organization","@id":"https:\/\/decrevi.ch\/Ichbestimme\/#organization","name":"Decrevi","url":"https:\/\/decrevi.ch\/Ichbestimme\/","logo":{"@type":"ImageObject","inLanguage":"de","@id":"https:\/\/decrevi.ch\/Ichbestimme\/#\/schema\/logo\/image\/","url":"https:\/\/decrevi.ch\/Ichbestimme\/wp-content\/uploads\/2017\/10\/cropped-icon.png","contentUrl":"https:\/\/decrevi.ch\/Ichbestimme\/wp-content\/uploads\/2017\/10\/cropped-icon.png","width":223,"height":223,"caption":"Decrevi"},"image":{"@id":"https:\/\/decrevi.ch\/Ichbestimme\/#\/schema\/logo\/image\/"}}]}},"_links":{"self":[{"href":"https:\/\/decrevi.ch\/Ichbestimme\/wp-json\/wp\/v2\/pages\/1509","targetHints":{"allow":["GET"]}}],"collection":[{"href":"https:\/\/decrevi.ch\/Ichbestimme\/wp-json\/wp\/v2\/pages"}],"about":[{"href":"https:\/\/decrevi.ch\/Ichbestimme\/wp-json\/wp\/v2\/types\/page"}],"author":[{"embeddable":true,"href":"https:\/\/decrevi.ch\/Ichbestimme\/wp-json\/wp\/v2\/users\/1"}],"replies":[{"embeddable":true,"href":"https:\/\/decrevi.ch\/Ichbestimme\/wp-json\/wp\/v2\/comments?post=1509"}],"version-history":[{"count":0,"href":"https:\/\/decrevi.ch\/Ichbestimme\/wp-json\/wp\/v2\/pages\/1509\/revisions"}],"wp:attachment":[{"href":"https:\/\/decrevi.ch\/Ichbestimme\/wp-json\/wp\/v2\/media?parent=1509"}],"curies":[{"name":"wp","href":"https:\/\/api.w.org\/{rel}","templated":true}]}}