{"id":22,"date":"2017-08-08T10:25:09","date_gmt":"2017-08-08T10:25:09","guid":{"rendered":"http:\/\/nordthemes.com\/wild-book-demo\/?page_id=22"},"modified":"2026-04-23T11:06:46","modified_gmt":"2026-04-23T09:06:46","slug":"kontakt","status":"publish","type":"page","link":"https:\/\/decrevi.ch\/Ichbestimme\/kontakt\/","title":{"rendered":"Kontakt"},"content":{"rendered":"<p><span id=\"result_box\" class=\"\" lang=\"de\" tabindex=\"-1\">Senden Sie eine E-Mail an:<\/span><\/p>\n<p>kontakt@decrevi.ch <span id=\"result_box\" class=\"\" lang=\"de\" tabindex=\"-1\"><\/span><\/p>\n<p>&nbsp;<\/p>\n<p><img loading=\"lazy\" decoding=\"async\" class=\"alignnone size-full wp-image-629\" src=\"https:\/\/decrevi.ch\/Ichbestimme\/wp-content\/uploads\/2018\/01\/logo-decrevi-k.png\" alt=\"\" width=\"200\" height=\"184\" \/><\/p>\n<p>&nbsp;<\/p>\n","protected":false},"excerpt":{"rendered":"<p>Senden Sie eine E-Mail an: kontakt@decrevi.ch &nbsp; &nbsp;<\/p>\n","protected":false},"author":1,"featured_media":0,"parent":0,"menu_order":0,"comment_status":"closed","ping_status":"closed","template":"","meta":{"footnotes":""},"class_list":["post-22","page","type-page","status-publish","hentry"],"yoast_head":"<!-- This site is optimized with the Yoast SEO plugin v27.4 - https:\/\/yoast.com\/product\/yoast-seo-wordpress\/ -->\n<title>Kontakt - Decrevi<\/title>\n<meta name=\"robots\" content=\"index, follow, max-snippet:-1, max-image-preview:large, max-video-preview:-1\" \/>\n<link rel=\"canonical\" href=\"https:\/\/decrevi.ch\/Ichbestimme\/kontakt\/\" \/>\n<meta property=\"og:locale\" content=\"de_DE\" \/>\n<meta property=\"og:type\" content=\"article\" \/>\n<meta property=\"og:title\" content=\"Kontakt - Decrevi\" \/>\n<meta property=\"og:description\" content=\"Senden Sie eine E-Mail an: kontakt@decrevi.ch &nbsp; &nbsp;\" \/>\n<meta property=\"og:url\" content=\"https:\/\/decrevi.ch\/Ichbestimme\/kontakt\/\" \/>\n<meta property=\"og:site_name\" content=\"Decrevi\" \/>\n<meta property=\"article:modified_time\" content=\"2026-04-23T09:06:46+00:00\" \/>\n<meta property=\"og:image\" content=\"https:\/\/decrevi.ch\/Ichbestimme\/wp-content\/uploads\/2018\/01\/logo-decrevi-k.png\" \/>\n\t<meta property=\"og:image:width\" content=\"200\" \/>\n\t<meta property=\"og:image:height\" content=\"184\" \/>\n\t<meta property=\"og:image:type\" content=\"image\/png\" \/>\n<meta name=\"twitter:card\" content=\"summary_large_image\" \/>\n<meta name=\"twitter:label1\" content=\"Gesch\u00e4tzte Lesezeit\" \/>\n\t<meta name=\"twitter:data1\" content=\"1\u00a0Minute\" \/>\n<script type=\"application\/ld+json\" class=\"yoast-schema-graph\">{\"@context\":\"https:\\\/\\\/schema.org\",\"@graph\":[{\"@type\":\"WebPage\",\"@id\":\"https:\\\/\\\/decrevi.ch\\\/Ichbestimme\\\/kontakt\\\/\",\"url\":\"https:\\\/\\\/decrevi.ch\\\/Ichbestimme\\\/kontakt\\\/\",\"name\":\"Kontakt - Decrevi\",\"isPartOf\":{\"@id\":\"https:\\\/\\\/decrevi.ch\\\/Ichbestimme\\\/#website\"},\"primaryImageOfPage\":{\"@id\":\"https:\\\/\\\/decrevi.ch\\\/Ichbestimme\\\/kontakt\\\/#primaryimage\"},\"image\":{\"@id\":\"https:\\\/\\\/decrevi.ch\\\/Ichbestimme\\\/kontakt\\\/#primaryimage\"},\"thumbnailUrl\":\"https:\\\/\\\/decrevi.ch\\\/Ichbestimme\\\/wp-content\\\/uploads\\\/2018\\\/01\\\/logo-decrevi-k.png\",\"datePublished\":\"2017-08-08T10:25:09+00:00\",\"dateModified\":\"2026-04-23T09:06:46+00:00\",\"breadcrumb\":{\"@id\":\"https:\\\/\\\/decrevi.ch\\\/Ichbestimme\\\/kontakt\\\/#breadcrumb\"},\"inLanguage\":\"de\",\"potentialAction\":[{\"@type\":\"ReadAction\",\"target\":[\"https:\\\/\\\/decrevi.ch\\\/Ichbestimme\\\/kontakt\\\/\"]}]},{\"@type\":\"ImageObject\",\"inLanguage\":\"de\",\"@id\":\"https:\\\/\\\/decrevi.ch\\\/Ichbestimme\\\/kontakt\\\/#primaryimage\",\"url\":\"https:\\\/\\\/decrevi.ch\\\/Ichbestimme\\\/wp-content\\\/uploads\\\/2018\\\/01\\\/logo-decrevi-k.png\",\"contentUrl\":\"https:\\\/\\\/decrevi.ch\\\/Ichbestimme\\\/wp-content\\\/uploads\\\/2018\\\/01\\\/logo-decrevi-k.png\",\"width\":200,\"height\":184},{\"@type\":\"BreadcrumbList\",\"@id\":\"https:\\\/\\\/decrevi.ch\\\/Ichbestimme\\\/kontakt\\\/#breadcrumb\",\"itemListElement\":[{\"@type\":\"ListItem\",\"position\":1,\"name\":\"Start\",\"item\":\"https:\\\/\\\/decrevi.ch\\\/Ichbestimme\\\/\"},{\"@type\":\"ListItem\",\"position\":2,\"name\":\"Kontakt\"}]},{\"@type\":\"WebSite\",\"@id\":\"https:\\\/\\\/decrevi.ch\\\/Ichbestimme\\\/#website\",\"url\":\"https:\\\/\\\/decrevi.ch\\\/Ichbestimme\\\/\",\"name\":\"Decrevi\",\"description\":\"der Mensch soll \u00fcber sich selbst verf\u00fcgen d\u00fcrfen und sein Schicksal eigenverantwortlich gestalten k\u00f6nnen.\",\"publisher\":{\"@id\":\"https:\\\/\\\/decrevi.ch\\\/Ichbestimme\\\/#organization\"},\"potentialAction\":[{\"@type\":\"SearchAction\",\"target\":{\"@type\":\"EntryPoint\",\"urlTemplate\":\"https:\\\/\\\/decrevi.ch\\\/Ichbestimme\\\/?s={search_term_string}\"},\"query-input\":{\"@type\":\"PropertyValueSpecification\",\"valueRequired\":true,\"valueName\":\"search_term_string\"}}],\"inLanguage\":\"de\"},{\"@type\":\"Organization\",\"@id\":\"https:\\\/\\\/decrevi.ch\\\/Ichbestimme\\\/#organization\",\"name\":\"Decrevi\",\"url\":\"https:\\\/\\\/decrevi.ch\\\/Ichbestimme\\\/\",\"logo\":{\"@type\":\"ImageObject\",\"inLanguage\":\"de\",\"@id\":\"https:\\\/\\\/decrevi.ch\\\/Ichbestimme\\\/#\\\/schema\\\/logo\\\/image\\\/\",\"url\":\"https:\\\/\\\/decrevi.ch\\\/Ichbestimme\\\/wp-content\\\/uploads\\\/2017\\\/10\\\/cropped-icon.png\",\"contentUrl\":\"https:\\\/\\\/decrevi.ch\\\/Ichbestimme\\\/wp-content\\\/uploads\\\/2017\\\/10\\\/cropped-icon.png\",\"width\":223,\"height\":223,\"caption\":\"Decrevi\"},\"image\":{\"@id\":\"https:\\\/\\\/decrevi.ch\\\/Ichbestimme\\\/#\\\/schema\\\/logo\\\/image\\\/\"}}]}<\/script>\n<!-- \/ Yoast SEO plugin. -->","yoast_head_json":{"title":"Kontakt - Decrevi","robots":{"index":"index","follow":"follow","max-snippet":"max-snippet:-1","max-image-preview":"max-image-preview:large","max-video-preview":"max-video-preview:-1"},"canonical":"https:\/\/decrevi.ch\/Ichbestimme\/kontakt\/","og_locale":"de_DE","og_type":"article","og_title":"Kontakt - Decrevi","og_description":"Senden Sie eine E-Mail an: kontakt@decrevi.ch &nbsp; &nbsp;","og_url":"https:\/\/decrevi.ch\/Ichbestimme\/kontakt\/","og_site_name":"Decrevi","article_modified_time":"2026-04-23T09:06:46+00:00","og_image":[{"width":200,"height":184,"url":"https:\/\/decrevi.ch\/Ichbestimme\/wp-content\/uploads\/2018\/01\/logo-decrevi-k.png","type":"image\/png"}],"twitter_card":"summary_large_image","twitter_misc":{"Gesch\u00e4tzte Lesezeit":"1\u00a0Minute"},"schema":{"@context":"https:\/\/schema.org","@graph":[{"@type":"WebPage","@id":"https:\/\/decrevi.ch\/Ichbestimme\/kontakt\/","url":"https:\/\/decrevi.ch\/Ichbestimme\/kontakt\/","name":"Kontakt - Decrevi","isPartOf":{"@id":"https:\/\/decrevi.ch\/Ichbestimme\/#website"},"primaryImageOfPage":{"@id":"https:\/\/decrevi.ch\/Ichbestimme\/kontakt\/#primaryimage"},"image":{"@id":"https:\/\/decrevi.ch\/Ichbestimme\/kontakt\/#primaryimage"},"thumbnailUrl":"https:\/\/decrevi.ch\/Ichbestimme\/wp-content\/uploads\/2018\/01\/logo-decrevi-k.png","datePublished":"2017-08-08T10:25:09+00:00","dateModified":"2026-04-23T09:06:46+00:00","breadcrumb":{"@id":"https:\/\/decrevi.ch\/Ichbestimme\/kontakt\/#breadcrumb"},"inLanguage":"de","potentialAction":[{"@type":"ReadAction","target":["https:\/\/decrevi.ch\/Ichbestimme\/kontakt\/"]}]},{"@type":"ImageObject","inLanguage":"de","@id":"https:\/\/decrevi.ch\/Ichbestimme\/kontakt\/#primaryimage","url":"https:\/\/decrevi.ch\/Ichbestimme\/wp-content\/uploads\/2018\/01\/logo-decrevi-k.png","contentUrl":"https:\/\/decrevi.ch\/Ichbestimme\/wp-content\/uploads\/2018\/01\/logo-decrevi-k.png","width":200,"height":184},{"@type":"BreadcrumbList","@id":"https:\/\/decrevi.ch\/Ichbestimme\/kontakt\/#breadcrumb","itemListElement":[{"@type":"ListItem","position":1,"name":"Start","item":"https:\/\/decrevi.ch\/Ichbestimme\/"},{"@type":"ListItem","position":2,"name":"Kontakt"}]},{"@type":"WebSite","@id":"https:\/\/decrevi.ch\/Ichbestimme\/#website","url":"https:\/\/decrevi.ch\/Ichbestimme\/","name":"Decrevi","description":"der Mensch soll \u00fcber sich selbst verf\u00fcgen d\u00fcrfen und sein Schicksal eigenverantwortlich gestalten k\u00f6nnen.","publisher":{"@id":"https:\/\/decrevi.ch\/Ichbestimme\/#organization"},"potentialAction":[{"@type":"SearchAction","target":{"@type":"EntryPoint","urlTemplate":"https:\/\/decrevi.ch\/Ichbestimme\/?s={search_term_string}"},"query-input":{"@type":"PropertyValueSpecification","valueRequired":true,"valueName":"search_term_string"}}],"inLanguage":"de"},{"@type":"Organization","@id":"https:\/\/decrevi.ch\/Ichbestimme\/#organization","name":"Decrevi","url":"https:\/\/decrevi.ch\/Ichbestimme\/","logo":{"@type":"ImageObject","inLanguage":"de","@id":"https:\/\/decrevi.ch\/Ichbestimme\/#\/schema\/logo\/image\/","url":"https:\/\/decrevi.ch\/Ichbestimme\/wp-content\/uploads\/2017\/10\/cropped-icon.png","contentUrl":"https:\/\/decrevi.ch\/Ichbestimme\/wp-content\/uploads\/2017\/10\/cropped-icon.png","width":223,"height":223,"caption":"Decrevi"},"image":{"@id":"https:\/\/decrevi.ch\/Ichbestimme\/#\/schema\/logo\/image\/"}}]}},"_links":{"self":[{"href":"https:\/\/decrevi.ch\/Ichbestimme\/wp-json\/wp\/v2\/pages\/22","targetHints":{"allow":["GET"]}}],"collection":[{"href":"https:\/\/decrevi.ch\/Ichbestimme\/wp-json\/wp\/v2\/pages"}],"about":[{"href":"https:\/\/decrevi.ch\/Ichbestimme\/wp-json\/wp\/v2\/types\/page"}],"author":[{"embeddable":true,"href":"https:\/\/decrevi.ch\/Ichbestimme\/wp-json\/wp\/v2\/users\/1"}],"replies":[{"embeddable":true,"href":"https:\/\/decrevi.ch\/Ichbestimme\/wp-json\/wp\/v2\/comments?post=22"}],"version-history":[{"count":5,"href":"https:\/\/decrevi.ch\/Ichbestimme\/wp-json\/wp\/v2\/pages\/22\/revisions"}],"predecessor-version":[{"id":1661,"href":"https:\/\/decrevi.ch\/Ichbestimme\/wp-json\/wp\/v2\/pages\/22\/revisions\/1661"}],"wp:attachment":[{"href":"https:\/\/decrevi.ch\/Ichbestimme\/wp-json\/wp\/v2\/media?parent=22"}],"curies":[{"name":"wp","href":"https:\/\/api.w.org\/{rel}","templated":true}]}}