{"id":631,"date":"2018-01-18T18:45:14","date_gmt":"2018-01-18T17:45:14","guid":{"rendered":"https:\/\/decrevi.ch\/Ichbestimme\/?page_id=631"},"modified":"2025-06-01T17:56:10","modified_gmt":"2025-06-01T15:56:10","slug":"kommentar","status":"publish","type":"page","link":"https:\/\/decrevi.ch\/Ichbestimme\/kommentar\/","title":{"rendered":"Kommentare"},"content":{"rendered":"<p>Hinterlassen Sie Ihre Kommentare, wie Sie wollen, positiv oder negativ, aber bitte bleiben Sie beim Thema, und greifen Sie keine Person pers\u00f6nlich an, haben Sie gegenseitigen Respekt, Kommentare, die vom Thema abweichen, werden gel\u00f6scht.<\/p>\n<p>Behandeln Sie auch \u201eonline\u201c andere Menschen so, wie Sie selbst behandelt werden m\u00f6chten.<\/p>\n<p>Der Respekt vor dem Anderen geh\u00f6rt zu den Grundhaltungen der Demokratie. Der Andere ist wie ich: endlich und fehlbar, frei und verletzbar, versucht sich seine Meinung zu bilden, und ist dem Wechsel von Missverst\u00e4ndnissen und Einsichten unterworfen. Im Umgang miteinander braucht es den Mut, die eigene Position klar zu vertreten, aber auch zur Diskussion zu stellen, die faire Auseinandersetzung mit dem Gegner und immer wieder der Willen zur genauen Interpretation der gemeinsamen Situation.<\/p>\n","protected":false},"excerpt":{"rendered":"<p>Hinterlassen Sie Ihre Kommentare, wie Sie wollen, positiv oder negativ, aber bitte bleiben Sie beim Thema, und greifen Sie keine Person pers\u00f6nlich an, haben Sie&#8230;<\/p>\n","protected":false},"author":1,"featured_media":0,"parent":0,"menu_order":0,"comment_status":"open","ping_status":"closed","template":"","meta":{"footnotes":""},"class_list":["post-631","page","type-page","status-publish","hentry"],"yoast_head":"<!-- This site is optimized with the Yoast SEO plugin v27.4 - https:\/\/yoast.com\/product\/yoast-seo-wordpress\/ -->\n<title>Kommentare - Decrevi<\/title>\n<meta name=\"robots\" content=\"index, follow, max-snippet:-1, max-image-preview:large, max-video-preview:-1\" \/>\n<link rel=\"canonical\" href=\"https:\/\/decrevi.ch\/Ichbestimme\/kommentar\/\" \/>\n<meta property=\"og:locale\" content=\"de_DE\" \/>\n<meta property=\"og:type\" content=\"article\" \/>\n<meta property=\"og:title\" content=\"Kommentare - Decrevi\" \/>\n<meta property=\"og:description\" content=\"Hinterlassen Sie Ihre Kommentare, wie Sie wollen, positiv oder negativ, aber bitte bleiben Sie beim Thema, und greifen Sie keine Person pers\u00f6nlich an, haben Sie...\" \/>\n<meta property=\"og:url\" content=\"https:\/\/decrevi.ch\/Ichbestimme\/kommentar\/\" \/>\n<meta property=\"og:site_name\" content=\"Decrevi\" \/>\n<meta property=\"article:modified_time\" content=\"2025-06-01T15:56:10+00:00\" \/>\n<meta name=\"twitter:card\" content=\"summary_large_image\" \/>\n<meta name=\"twitter:label1\" content=\"Gesch\u00e4tzte Lesezeit\" \/>\n\t<meta name=\"twitter:data1\" content=\"1\u00a0Minute\" \/>\n<script type=\"application\/ld+json\" class=\"yoast-schema-graph\">{\"@context\":\"https:\\\/\\\/schema.org\",\"@graph\":[{\"@type\":\"WebPage\",\"@id\":\"https:\\\/\\\/decrevi.ch\\\/Ichbestimme\\\/kommentar\\\/\",\"url\":\"https:\\\/\\\/decrevi.ch\\\/Ichbestimme\\\/kommentar\\\/\",\"name\":\"Kommentare - Decrevi\",\"isPartOf\":{\"@id\":\"https:\\\/\\\/decrevi.ch\\\/Ichbestimme\\\/#website\"},\"datePublished\":\"2018-01-18T17:45:14+00:00\",\"dateModified\":\"2025-06-01T15:56:10+00:00\",\"breadcrumb\":{\"@id\":\"https:\\\/\\\/decrevi.ch\\\/Ichbestimme\\\/kommentar\\\/#breadcrumb\"},\"inLanguage\":\"de\",\"potentialAction\":[{\"@type\":\"ReadAction\",\"target\":[\"https:\\\/\\\/decrevi.ch\\\/Ichbestimme\\\/kommentar\\\/\"]}]},{\"@type\":\"BreadcrumbList\",\"@id\":\"https:\\\/\\\/decrevi.ch\\\/Ichbestimme\\\/kommentar\\\/#breadcrumb\",\"itemListElement\":[{\"@type\":\"ListItem\",\"position\":1,\"name\":\"Start\",\"item\":\"https:\\\/\\\/decrevi.ch\\\/Ichbestimme\\\/\"},{\"@type\":\"ListItem\",\"position\":2,\"name\":\"Kommentare\"}]},{\"@type\":\"WebSite\",\"@id\":\"https:\\\/\\\/decrevi.ch\\\/Ichbestimme\\\/#website\",\"url\":\"https:\\\/\\\/decrevi.ch\\\/Ichbestimme\\\/\",\"name\":\"Decrevi\",\"description\":\"der Mensch soll \u00fcber sich selbst verf\u00fcgen d\u00fcrfen und sein Schicksal eigenverantwortlich gestalten k\u00f6nnen.\",\"publisher\":{\"@id\":\"https:\\\/\\\/decrevi.ch\\\/Ichbestimme\\\/#organization\"},\"potentialAction\":[{\"@type\":\"SearchAction\",\"target\":{\"@type\":\"EntryPoint\",\"urlTemplate\":\"https:\\\/\\\/decrevi.ch\\\/Ichbestimme\\\/?s={search_term_string}\"},\"query-input\":{\"@type\":\"PropertyValueSpecification\",\"valueRequired\":true,\"valueName\":\"search_term_string\"}}],\"inLanguage\":\"de\"},{\"@type\":\"Organization\",\"@id\":\"https:\\\/\\\/decrevi.ch\\\/Ichbestimme\\\/#organization\",\"name\":\"Decrevi\",\"url\":\"https:\\\/\\\/decrevi.ch\\\/Ichbestimme\\\/\",\"logo\":{\"@type\":\"ImageObject\",\"inLanguage\":\"de\",\"@id\":\"https:\\\/\\\/decrevi.ch\\\/Ichbestimme\\\/#\\\/schema\\\/logo\\\/image\\\/\",\"url\":\"https:\\\/\\\/decrevi.ch\\\/Ichbestimme\\\/wp-content\\\/uploads\\\/2017\\\/10\\\/cropped-icon.png\",\"contentUrl\":\"https:\\\/\\\/decrevi.ch\\\/Ichbestimme\\\/wp-content\\\/uploads\\\/2017\\\/10\\\/cropped-icon.png\",\"width\":223,\"height\":223,\"caption\":\"Decrevi\"},\"image\":{\"@id\":\"https:\\\/\\\/decrevi.ch\\\/Ichbestimme\\\/#\\\/schema\\\/logo\\\/image\\\/\"}}]}<\/script>\n<!-- \/ Yoast SEO plugin. -->","yoast_head_json":{"title":"Kommentare - Decrevi","robots":{"index":"index","follow":"follow","max-snippet":"max-snippet:-1","max-image-preview":"max-image-preview:large","max-video-preview":"max-video-preview:-1"},"canonical":"https:\/\/decrevi.ch\/Ichbestimme\/kommentar\/","og_locale":"de_DE","og_type":"article","og_title":"Kommentare - Decrevi","og_description":"Hinterlassen Sie Ihre Kommentare, wie Sie wollen, positiv oder negativ, aber bitte bleiben Sie beim Thema, und greifen Sie keine Person pers\u00f6nlich an, haben Sie...","og_url":"https:\/\/decrevi.ch\/Ichbestimme\/kommentar\/","og_site_name":"Decrevi","article_modified_time":"2025-06-01T15:56:10+00:00","twitter_card":"summary_large_image","twitter_misc":{"Gesch\u00e4tzte Lesezeit":"1\u00a0Minute"},"schema":{"@context":"https:\/\/schema.org","@graph":[{"@type":"WebPage","@id":"https:\/\/decrevi.ch\/Ichbestimme\/kommentar\/","url":"https:\/\/decrevi.ch\/Ichbestimme\/kommentar\/","name":"Kommentare - Decrevi","isPartOf":{"@id":"https:\/\/decrevi.ch\/Ichbestimme\/#website"},"datePublished":"2018-01-18T17:45:14+00:00","dateModified":"2025-06-01T15:56:10+00:00","breadcrumb":{"@id":"https:\/\/decrevi.ch\/Ichbestimme\/kommentar\/#breadcrumb"},"inLanguage":"de","potentialAction":[{"@type":"ReadAction","target":["https:\/\/decrevi.ch\/Ichbestimme\/kommentar\/"]}]},{"@type":"BreadcrumbList","@id":"https:\/\/decrevi.ch\/Ichbestimme\/kommentar\/#breadcrumb","itemListElement":[{"@type":"ListItem","position":1,"name":"Start","item":"https:\/\/decrevi.ch\/Ichbestimme\/"},{"@type":"ListItem","position":2,"name":"Kommentare"}]},{"@type":"WebSite","@id":"https:\/\/decrevi.ch\/Ichbestimme\/#website","url":"https:\/\/decrevi.ch\/Ichbestimme\/","name":"Decrevi","description":"der Mensch soll \u00fcber sich selbst verf\u00fcgen d\u00fcrfen und sein Schicksal eigenverantwortlich gestalten k\u00f6nnen.","publisher":{"@id":"https:\/\/decrevi.ch\/Ichbestimme\/#organization"},"potentialAction":[{"@type":"SearchAction","target":{"@type":"EntryPoint","urlTemplate":"https:\/\/decrevi.ch\/Ichbestimme\/?s={search_term_string}"},"query-input":{"@type":"PropertyValueSpecification","valueRequired":true,"valueName":"search_term_string"}}],"inLanguage":"de"},{"@type":"Organization","@id":"https:\/\/decrevi.ch\/Ichbestimme\/#organization","name":"Decrevi","url":"https:\/\/decrevi.ch\/Ichbestimme\/","logo":{"@type":"ImageObject","inLanguage":"de","@id":"https:\/\/decrevi.ch\/Ichbestimme\/#\/schema\/logo\/image\/","url":"https:\/\/decrevi.ch\/Ichbestimme\/wp-content\/uploads\/2017\/10\/cropped-icon.png","contentUrl":"https:\/\/decrevi.ch\/Ichbestimme\/wp-content\/uploads\/2017\/10\/cropped-icon.png","width":223,"height":223,"caption":"Decrevi"},"image":{"@id":"https:\/\/decrevi.ch\/Ichbestimme\/#\/schema\/logo\/image\/"}}]}},"_links":{"self":[{"href":"https:\/\/decrevi.ch\/Ichbestimme\/wp-json\/wp\/v2\/pages\/631","targetHints":{"allow":["GET"]}}],"collection":[{"href":"https:\/\/decrevi.ch\/Ichbestimme\/wp-json\/wp\/v2\/pages"}],"about":[{"href":"https:\/\/decrevi.ch\/Ichbestimme\/wp-json\/wp\/v2\/types\/page"}],"author":[{"embeddable":true,"href":"https:\/\/decrevi.ch\/Ichbestimme\/wp-json\/wp\/v2\/users\/1"}],"replies":[{"embeddable":true,"href":"https:\/\/decrevi.ch\/Ichbestimme\/wp-json\/wp\/v2\/comments?post=631"}],"version-history":[{"count":0,"href":"https:\/\/decrevi.ch\/Ichbestimme\/wp-json\/wp\/v2\/pages\/631\/revisions"}],"wp:attachment":[{"href":"https:\/\/decrevi.ch\/Ichbestimme\/wp-json\/wp\/v2\/media?parent=631"}],"curies":[{"name":"wp","href":"https:\/\/api.w.org\/{rel}","templated":true}]}}