{"id":667,"date":"2018-01-19T19:52:53","date_gmt":"2018-01-19T18:52:53","guid":{"rendered":"https:\/\/decrevi.ch\/Ichbestimme\/?page_id=667"},"modified":"2025-06-02T14:39:06","modified_gmt":"2025-06-02T12:39:06","slug":"autor","status":"publish","type":"page","link":"https:\/\/decrevi.ch\/Ichbestimme\/autor\/","title":{"rendered":"Autor"},"content":{"rendered":"<p><img loading=\"lazy\" decoding=\"async\" class=\"aligncenter wp-image-691 size-full\" src=\"https:\/\/decrevi.ch\/Ichbestimme\/wp-content\/uploads\/2018\/01\/gmc-autor.jpg\" alt=\"\" width=\"640\" height=\"426\" srcset=\"https:\/\/decrevi.ch\/Ichbestimme\/wp-content\/uploads\/2018\/01\/gmc-autor.jpg 640w, https:\/\/decrevi.ch\/Ichbestimme\/wp-content\/uploads\/2018\/01\/gmc-autor-300x200.jpg 300w, https:\/\/decrevi.ch\/Ichbestimme\/wp-content\/uploads\/2018\/01\/gmc-autor-500x333.jpg 500w\" sizes=\"auto, (max-width: 640px) 100vw, 640px\" \/><\/p>\n<p class=\"widget-title\" style=\"text-align: center;\"><span style=\"font-size: 16pt;\">Wer bin ich &#8230; ?<\/span><\/p>\n<p style=\"text-align: center;\">Mein Name ist Guido,<br \/>\nIch will in einer ehrlichen und realit\u00e4tsnahen Gemeinschaft leben, die sich nicht hinter dem Thema Ethik versteckt.<\/p>\n<hr \/>\n<p style=\"text-align: center;\"><strong><span style=\"font-size: 16pt;\">Inhalte<\/span><\/strong><\/p>\n<p style=\"text-align: center;\"><span style=\"font-size: 12pt;\">Die Inhalte mein Blog wurden mit gr\u00f6sster Sorgfalt erstellt. Verpflichtungen zur Entfernung oder Sperrung der Nutzung von Informationen nach den allgemeinen Gesetzen bleiben hiervon unber\u00fchrt. Eine diesbez\u00fcgliche Haftung ist jedoch erst ab dem Zeitpunkt der Kenntnis einer konkreten Rechtsverletzung m\u00f6glich. Bei bekannt werden von entsprechenden Rechtsverletzungen, werde ich diese Inhalte umgehend entfernen.<\/span><\/p>\n<p><a href=\"https:\/\/decrevi.ch\/Ichbestimme\/datenschutz\/\"><img loading=\"lazy\" decoding=\"async\" class=\"wp-image-1115 aligncenter\" src=\"https:\/\/decrevi.ch\/Ichbestimme\/wp-content\/uploads\/2018\/05\/external-link-300x300.png\" alt=\"\" width=\"20\" height=\"20\" srcset=\"https:\/\/decrevi.ch\/Ichbestimme\/wp-content\/uploads\/2018\/05\/external-link-300x300.png 300w, https:\/\/decrevi.ch\/Ichbestimme\/wp-content\/uploads\/2018\/05\/external-link-150x150.png 150w, https:\/\/decrevi.ch\/Ichbestimme\/wp-content\/uploads\/2018\/05\/external-link-768x768.png 768w, https:\/\/decrevi.ch\/Ichbestimme\/wp-content\/uploads\/2018\/05\/external-link-1024x1024.png 1024w, https:\/\/decrevi.ch\/Ichbestimme\/wp-content\/uploads\/2018\/05\/external-link-940x940.png 940w, https:\/\/decrevi.ch\/Ichbestimme\/wp-content\/uploads\/2018\/05\/external-link-500x500.png 500w, https:\/\/decrevi.ch\/Ichbestimme\/wp-content\/uploads\/2018\/05\/external-link.png 1600w\" sizes=\"auto, (max-width: 20px) 100vw, 20px\" \/><\/a><\/p>\n<h4 style=\"text-align: center;\"><a href=\"https:\/\/decrevi.ch\/Ichbestimme\/datenschutz\/\">Datenschutz:<\/a><\/h4>\n","protected":false},"excerpt":{"rendered":"<p>Wer bin ich &#8230; ? Mein Name ist Guido, Ich will in einer ehrlichen und realit\u00e4tsnahen Gemeinschaft leben, die sich nicht hinter dem Thema Ethik&#8230;<\/p>\n","protected":false},"author":1,"featured_media":0,"parent":0,"menu_order":0,"comment_status":"closed","ping_status":"closed","template":"","meta":{"footnotes":""},"class_list":["post-667","page","type-page","status-publish","hentry"],"yoast_head":"<!-- This site is optimized with the Yoast SEO plugin v27.4 - https:\/\/yoast.com\/product\/yoast-seo-wordpress\/ -->\n<title>Autor - Decrevi<\/title>\n<meta name=\"robots\" content=\"index, follow, max-snippet:-1, max-image-preview:large, max-video-preview:-1\" \/>\n<link rel=\"canonical\" href=\"https:\/\/decrevi.ch\/Ichbestimme\/autor\/\" \/>\n<meta property=\"og:locale\" content=\"de_DE\" \/>\n<meta property=\"og:type\" content=\"article\" \/>\n<meta property=\"og:title\" content=\"Autor - Decrevi\" \/>\n<meta property=\"og:description\" content=\"Wer bin ich &#8230; ? Mein Name ist Guido, Ich will in einer ehrlichen und realit\u00e4tsnahen Gemeinschaft leben, die sich nicht hinter dem Thema Ethik...\" \/>\n<meta property=\"og:url\" content=\"https:\/\/decrevi.ch\/Ichbestimme\/autor\/\" \/>\n<meta property=\"og:site_name\" content=\"Decrevi\" \/>\n<meta property=\"article:modified_time\" content=\"2025-06-02T12:39:06+00:00\" \/>\n<meta property=\"og:image\" content=\"https:\/\/decrevi.ch\/Ichbestimme\/wp-content\/uploads\/2018\/01\/gmc-autor.jpg\" \/>\n\t<meta property=\"og:image:width\" content=\"640\" \/>\n\t<meta property=\"og:image:height\" content=\"426\" \/>\n\t<meta property=\"og:image:type\" content=\"image\/jpeg\" \/>\n<meta name=\"twitter:card\" content=\"summary_large_image\" \/>\n<script type=\"application\/ld+json\" class=\"yoast-schema-graph\">{\"@context\":\"https:\\\/\\\/schema.org\",\"@graph\":[{\"@type\":\"WebPage\",\"@id\":\"https:\\\/\\\/decrevi.ch\\\/Ichbestimme\\\/autor\\\/\",\"url\":\"https:\\\/\\\/decrevi.ch\\\/Ichbestimme\\\/autor\\\/\",\"name\":\"Autor - Decrevi\",\"isPartOf\":{\"@id\":\"https:\\\/\\\/decrevi.ch\\\/Ichbestimme\\\/#website\"},\"primaryImageOfPage\":{\"@id\":\"https:\\\/\\\/decrevi.ch\\\/Ichbestimme\\\/autor\\\/#primaryimage\"},\"image\":{\"@id\":\"https:\\\/\\\/decrevi.ch\\\/Ichbestimme\\\/autor\\\/#primaryimage\"},\"thumbnailUrl\":\"https:\\\/\\\/decrevi.ch\\\/Ichbestimme\\\/wp-content\\\/uploads\\\/2018\\\/01\\\/gmc-autor.jpg\",\"datePublished\":\"2018-01-19T18:52:53+00:00\",\"dateModified\":\"2025-06-02T12:39:06+00:00\",\"breadcrumb\":{\"@id\":\"https:\\\/\\\/decrevi.ch\\\/Ichbestimme\\\/autor\\\/#breadcrumb\"},\"inLanguage\":\"de\",\"potentialAction\":[{\"@type\":\"ReadAction\",\"target\":[\"https:\\\/\\\/decrevi.ch\\\/Ichbestimme\\\/autor\\\/\"]}]},{\"@type\":\"ImageObject\",\"inLanguage\":\"de\",\"@id\":\"https:\\\/\\\/decrevi.ch\\\/Ichbestimme\\\/autor\\\/#primaryimage\",\"url\":\"https:\\\/\\\/decrevi.ch\\\/Ichbestimme\\\/wp-content\\\/uploads\\\/2018\\\/01\\\/gmc-autor.jpg\",\"contentUrl\":\"https:\\\/\\\/decrevi.ch\\\/Ichbestimme\\\/wp-content\\\/uploads\\\/2018\\\/01\\\/gmc-autor.jpg\",\"width\":640,\"height\":426},{\"@type\":\"BreadcrumbList\",\"@id\":\"https:\\\/\\\/decrevi.ch\\\/Ichbestimme\\\/autor\\\/#breadcrumb\",\"itemListElement\":[{\"@type\":\"ListItem\",\"position\":1,\"name\":\"Start\",\"item\":\"https:\\\/\\\/decrevi.ch\\\/Ichbestimme\\\/\"},{\"@type\":\"ListItem\",\"position\":2,\"name\":\"Autor\"}]},{\"@type\":\"WebSite\",\"@id\":\"https:\\\/\\\/decrevi.ch\\\/Ichbestimme\\\/#website\",\"url\":\"https:\\\/\\\/decrevi.ch\\\/Ichbestimme\\\/\",\"name\":\"Decrevi\",\"description\":\"der Mensch soll \u00fcber sich selbst verf\u00fcgen d\u00fcrfen und sein Schicksal eigenverantwortlich gestalten k\u00f6nnen.\",\"publisher\":{\"@id\":\"https:\\\/\\\/decrevi.ch\\\/Ichbestimme\\\/#organization\"},\"potentialAction\":[{\"@type\":\"SearchAction\",\"target\":{\"@type\":\"EntryPoint\",\"urlTemplate\":\"https:\\\/\\\/decrevi.ch\\\/Ichbestimme\\\/?s={search_term_string}\"},\"query-input\":{\"@type\":\"PropertyValueSpecification\",\"valueRequired\":true,\"valueName\":\"search_term_string\"}}],\"inLanguage\":\"de\"},{\"@type\":\"Organization\",\"@id\":\"https:\\\/\\\/decrevi.ch\\\/Ichbestimme\\\/#organization\",\"name\":\"Decrevi\",\"url\":\"https:\\\/\\\/decrevi.ch\\\/Ichbestimme\\\/\",\"logo\":{\"@type\":\"ImageObject\",\"inLanguage\":\"de\",\"@id\":\"https:\\\/\\\/decrevi.ch\\\/Ichbestimme\\\/#\\\/schema\\\/logo\\\/image\\\/\",\"url\":\"https:\\\/\\\/decrevi.ch\\\/Ichbestimme\\\/wp-content\\\/uploads\\\/2017\\\/10\\\/cropped-icon.png\",\"contentUrl\":\"https:\\\/\\\/decrevi.ch\\\/Ichbestimme\\\/wp-content\\\/uploads\\\/2017\\\/10\\\/cropped-icon.png\",\"width\":223,\"height\":223,\"caption\":\"Decrevi\"},\"image\":{\"@id\":\"https:\\\/\\\/decrevi.ch\\\/Ichbestimme\\\/#\\\/schema\\\/logo\\\/image\\\/\"}}]}<\/script>\n<!-- \/ Yoast SEO plugin. -->","yoast_head_json":{"title":"Autor - Decrevi","robots":{"index":"index","follow":"follow","max-snippet":"max-snippet:-1","max-image-preview":"max-image-preview:large","max-video-preview":"max-video-preview:-1"},"canonical":"https:\/\/decrevi.ch\/Ichbestimme\/autor\/","og_locale":"de_DE","og_type":"article","og_title":"Autor - Decrevi","og_description":"Wer bin ich &#8230; ? Mein Name ist Guido, Ich will in einer ehrlichen und realit\u00e4tsnahen Gemeinschaft leben, die sich nicht hinter dem Thema Ethik...","og_url":"https:\/\/decrevi.ch\/Ichbestimme\/autor\/","og_site_name":"Decrevi","article_modified_time":"2025-06-02T12:39:06+00:00","og_image":[{"width":640,"height":426,"url":"https:\/\/decrevi.ch\/Ichbestimme\/wp-content\/uploads\/2018\/01\/gmc-autor.jpg","type":"image\/jpeg"}],"twitter_card":"summary_large_image","schema":{"@context":"https:\/\/schema.org","@graph":[{"@type":"WebPage","@id":"https:\/\/decrevi.ch\/Ichbestimme\/autor\/","url":"https:\/\/decrevi.ch\/Ichbestimme\/autor\/","name":"Autor - Decrevi","isPartOf":{"@id":"https:\/\/decrevi.ch\/Ichbestimme\/#website"},"primaryImageOfPage":{"@id":"https:\/\/decrevi.ch\/Ichbestimme\/autor\/#primaryimage"},"image":{"@id":"https:\/\/decrevi.ch\/Ichbestimme\/autor\/#primaryimage"},"thumbnailUrl":"https:\/\/decrevi.ch\/Ichbestimme\/wp-content\/uploads\/2018\/01\/gmc-autor.jpg","datePublished":"2018-01-19T18:52:53+00:00","dateModified":"2025-06-02T12:39:06+00:00","breadcrumb":{"@id":"https:\/\/decrevi.ch\/Ichbestimme\/autor\/#breadcrumb"},"inLanguage":"de","potentialAction":[{"@type":"ReadAction","target":["https:\/\/decrevi.ch\/Ichbestimme\/autor\/"]}]},{"@type":"ImageObject","inLanguage":"de","@id":"https:\/\/decrevi.ch\/Ichbestimme\/autor\/#primaryimage","url":"https:\/\/decrevi.ch\/Ichbestimme\/wp-content\/uploads\/2018\/01\/gmc-autor.jpg","contentUrl":"https:\/\/decrevi.ch\/Ichbestimme\/wp-content\/uploads\/2018\/01\/gmc-autor.jpg","width":640,"height":426},{"@type":"BreadcrumbList","@id":"https:\/\/decrevi.ch\/Ichbestimme\/autor\/#breadcrumb","itemListElement":[{"@type":"ListItem","position":1,"name":"Start","item":"https:\/\/decrevi.ch\/Ichbestimme\/"},{"@type":"ListItem","position":2,"name":"Autor"}]},{"@type":"WebSite","@id":"https:\/\/decrevi.ch\/Ichbestimme\/#website","url":"https:\/\/decrevi.ch\/Ichbestimme\/","name":"Decrevi","description":"der Mensch soll \u00fcber sich selbst verf\u00fcgen d\u00fcrfen und sein Schicksal eigenverantwortlich gestalten k\u00f6nnen.","publisher":{"@id":"https:\/\/decrevi.ch\/Ichbestimme\/#organization"},"potentialAction":[{"@type":"SearchAction","target":{"@type":"EntryPoint","urlTemplate":"https:\/\/decrevi.ch\/Ichbestimme\/?s={search_term_string}"},"query-input":{"@type":"PropertyValueSpecification","valueRequired":true,"valueName":"search_term_string"}}],"inLanguage":"de"},{"@type":"Organization","@id":"https:\/\/decrevi.ch\/Ichbestimme\/#organization","name":"Decrevi","url":"https:\/\/decrevi.ch\/Ichbestimme\/","logo":{"@type":"ImageObject","inLanguage":"de","@id":"https:\/\/decrevi.ch\/Ichbestimme\/#\/schema\/logo\/image\/","url":"https:\/\/decrevi.ch\/Ichbestimme\/wp-content\/uploads\/2017\/10\/cropped-icon.png","contentUrl":"https:\/\/decrevi.ch\/Ichbestimme\/wp-content\/uploads\/2017\/10\/cropped-icon.png","width":223,"height":223,"caption":"Decrevi"},"image":{"@id":"https:\/\/decrevi.ch\/Ichbestimme\/#\/schema\/logo\/image\/"}}]}},"_links":{"self":[{"href":"https:\/\/decrevi.ch\/Ichbestimme\/wp-json\/wp\/v2\/pages\/667","targetHints":{"allow":["GET"]}}],"collection":[{"href":"https:\/\/decrevi.ch\/Ichbestimme\/wp-json\/wp\/v2\/pages"}],"about":[{"href":"https:\/\/decrevi.ch\/Ichbestimme\/wp-json\/wp\/v2\/types\/page"}],"author":[{"embeddable":true,"href":"https:\/\/decrevi.ch\/Ichbestimme\/wp-json\/wp\/v2\/users\/1"}],"replies":[{"embeddable":true,"href":"https:\/\/decrevi.ch\/Ichbestimme\/wp-json\/wp\/v2\/comments?post=667"}],"version-history":[{"count":0,"href":"https:\/\/decrevi.ch\/Ichbestimme\/wp-json\/wp\/v2\/pages\/667\/revisions"}],"wp:attachment":[{"href":"https:\/\/decrevi.ch\/Ichbestimme\/wp-json\/wp\/v2\/media?parent=667"}],"curies":[{"name":"wp","href":"https:\/\/api.w.org\/{rel}","templated":true}]}}